{"id":2252,"date":"2024-01-02T10:43:19","date_gmt":"2024-01-02T09:43:19","guid":{"rendered":"https:\/\/enical-ci.com\/?page_id=2252"},"modified":"2024-02-19T17:49:26","modified_gmt":"2024-02-19T16:49:26","slug":"contactez-nous","status":"publish","type":"page","link":"https:\/\/enical-ci.com\/en\/contactez-nous\/","title":{"rendered":"Contact us"},"content":{"rendered":"<div data-elementor-type=\"wp-page\" data-elementor-id=\"2252\" class=\"elementor elementor-2252\" data-elementor-post-type=\"page\">\n\t\t\t\t<div class=\"elementor-element elementor-element-c1b4307 e-flex e-con-boxed wpr-particle-no wpr-jarallax-no wpr-parallax-no wpr-sticky-section-no e-con e-parent\" data-id=\"c1b4307\" data-element_type=\"container\" data-settings=\"{&quot;content_width&quot;:&quot;boxed&quot;}\" data-core-v316-plus=\"true\">\n\t\t\t\t\t<div class=\"e-con-inner\">\n\t\t\t\t<div class=\"elementor-element elementor-element-f502ecd elementor-widget elementor-widget-cf7 bdevs-el cf7\" data-id=\"f502ecd\" data-element_type=\"widget\" data-settings=\"{&quot;design_style&quot;:&quot;style_1&quot;}\" data-widget_type=\"cf7.default\">\n\t\t\t\t<div class=\"elementor-widget-container\">\n\t\t\t        \n        <section class=\"contact-area\">\n            <div class=\"container\">\n                <div class=\"row\">\n                    <div class=\"col-lg-8\">\n                                                <div class=\"contact-title\">\n                            <h3 class=\"title bdevs-el-title\">We are here to listen to you.<\/h3>\n                        <\/div>\n                        \n                        <div class=\"contact-form\">\n                        \n<div class=\"wpcf7 no-js\" id=\"wpcf7-f194-o1\" lang=\"en-US\" dir=\"ltr\">\n<div class=\"screen-reader-response\"><p role=\"status\" aria-live=\"polite\" aria-atomic=\"true\"><\/p> <ul><\/ul><\/div>\n<form action=\"\/en\/wp-json\/wp\/v2\/pages\/2252#wpcf7-f194-o1\" method=\"post\" class=\"wpcf7-form init bdevs-cf7-form\" aria-label=\"Contact form\" novalidate=\"novalidate\" data-status=\"init\" data-trp-original-action=\"\/en\/wp-json\/wp\/v2\/pages\/2252#wpcf7-f194-o1\">\n<div style=\"display: none;\">\n<input type=\"hidden\" name=\"_wpcf7\" value=\"194\" \/>\n<input type=\"hidden\" name=\"_wpcf7_version\" value=\"5.8.6\" \/>\n<input type=\"hidden\" name=\"_wpcf7_locale\" value=\"en_US\" \/>\n<input type=\"hidden\" name=\"_wpcf7_unit_tag\" value=\"wpcf7-f194-o1\" \/>\n<input type=\"hidden\" name=\"_wpcf7_container_post\" value=\"0\" \/>\n<input type=\"hidden\" name=\"_wpcf7_posted_data_hash\" value=\"\" \/>\n<\/div>\n<div class=\"row\">\n\t<div class=\"col-md-6\">\n\t\t<div class=\"form-grp\">\n\t\t\t<p><span class=\"wpcf7-form-control-wrap\" data-name=\"text-67\"><input size=\"40\" class=\"wpcf7-form-control wpcf7-text wpcf7-validates-as-required\" id=\"name\" aria-required=\"true\" aria-invalid=\"false\" placeholder=\"Name*\" value=\"\" type=\"text\" name=\"text-67\" \/><\/span>\n\t\t\t<\/p>\n\t\t<\/div>\n\t<\/div>\n\t<div class=\"col-md-6\">\n\t\t<div class=\"form-grp\">\n\t\t\t<p><span class=\"wpcf7-form-control-wrap\" data-name=\"tel-991\"><input size=\"40\" class=\"wpcf7-form-control wpcf7-tel wpcf7-validates-as-required wpcf7-text wpcf7-validates-as-tel\" id=\"phone\" aria-required=\"true\" aria-invalid=\"false\" placeholder=\"Phone*\" value=\"\" type=\"tel\" name=\"tel-991\" \/><\/span>\n\t\t\t<\/p>\n\t\t<\/div>\n\t<\/div>\n\t<div class=\"col-md-6\">\n\t\t<div class=\"form-grp\">\n\t\t\t<p><span class=\"wpcf7-form-control-wrap\" data-name=\"email-958\"><input size=\"40\" class=\"wpcf7-form-control wpcf7-email wpcf7-validates-as-required wpcf7-text wpcf7-validates-as-email\" id=\"email\" aria-required=\"true\" aria-invalid=\"false\" placeholder=\"E-mail*\" value=\"\" type=\"email\" name=\"email-958\" \/><\/span>\n\t\t\t<\/p>\n\t\t<\/div>\n\t<\/div>\n\t<div class=\"col-md-6\">\n\t\t<div class=\"form-grp\">\n\t\t\t<p><span class=\"wpcf7-form-control-wrap\" data-name=\"menu-891\"><select class=\"wpcf7-form-control wpcf7-select form-select\" aria-invalid=\"false\" name=\"menu-891\"><option value=\"S\u00e9lectionnez l&#039;Offre\">S\u00e9lectionnez l&#039;Offre<\/option><option value=\"BI &amp; Big Data\">BI &amp; Big Data<\/option><option value=\"Planification budg\u00e9taire\">Budget planning<\/option><option value=\"Logiciel en mode saas\">Logiciel en mode saas<\/option><option value=\"D\u00e9veloppement d\u2019applications\">Application development<\/option><option value=\"T\u00e9l\u00e9phonie IP\">IP telephony<\/option><option value=\"Visioconf\u00e9rence\">Video conference<\/option><option value=\"Cybers\u00e9curit\u00e9\">Cybersecurity<\/option><option value=\"Contr\u00f4le d\u2019acc\u00e8s\">Access control<\/option><option value=\"Gestion de temps de pr\u00e9sence\">Attendance time management<\/option><option value=\"Vid\u00e9osurveillance\">Video surveillance<\/option><option value=\"Solutions int\u00e9gr\u00e9es\">Solutions int\u00e9gr\u00e9es<\/option><option value=\"D\u00e9marche de solutions\">D\u00e9marche de solutions<\/option><option value=\"Autres...\">Autres...<\/option><\/select><\/span>\n\t\t\t<\/p>\n\t\t<\/div>\n\t<\/div>\n\t<div class=\"form-grp\">\n\t\t<p><span class=\"wpcf7-form-control-wrap\" data-name=\"textarea-655\"><textarea cols=\"40\" rows=\"10\" class=\"wpcf7-form-control wpcf7-textarea\" id=\"message\" aria-invalid=\"false\" name=\"textarea-655\"><\/textarea><\/span>\n\t\t<\/p>\n\t<\/div>\n\t<p><button type=\"submit\" class=\"btn\">Send<\/button>\n\t<\/p>\n<\/div><p style=\"display: none !important;\" class=\"akismet-fields-container\" data-prefix=\"_wpcf7_ak_\"><label>&#916;<textarea name=\"_wpcf7_ak_hp_textarea\" cols=\"45\" rows=\"8\" maxlength=\"100\"><\/textarea><\/label><input type=\"hidden\" id=\"ak_js_1\" name=\"_wpcf7_ak_js\" value=\"16\"\/><script>document.getElementById( \"ak_js_1\" ).setAttribute( \"value\", ( new Date() ).getTime() );<\/script><\/p><input type='hidden' class='wpcf7-pum' value='{\"closepopup\":false,\"closedelay\":0,\"openpopup\":false,\"openpopup_id\":0}' \/><div class=\"wpcf7-response-output\" aria-hidden=\"true\"><\/div>\n<input type=\"hidden\" name=\"trp-form-language\" value=\"en\"\/><\/form>\n<\/div>\n                        <\/div>\n\n                    <\/div>\n                    <div class=\"col-lg-4\">\n                        <div class=\"contact-info-wrap\">\n                                                                                    <ul class=\"contact-info-list\">\n                                \n                                <li>\n                                                                            <i class=\"bdevs-btn-icon fal fa-phone\" aria-hidden=\"true\"><\/i>                                        \n                                                                        <a href=\"tel:http:\/\/+2252722254810\">+225 27 22 25 48 10<\/a>\n                                    \n                                <\/li>\n                                \n                                <li>\n                                                                            <i class=\"bdevs-btn-icon fal fa-envelope\" aria-hidden=\"true\"><\/i>                                        \n                                                                        <a href=\"tel:http:\/\/business@enical-ci.com\">business@enical-ci.com<\/a>\n                                    \n                                <\/li>\n                                \n                                <li>\n                                                                            <i class=\"bdevs-btn-icon fal fa-map-marker-alt\" aria-hidden=\"true\"><\/i>                                        \n                                                                        <span>Abidjan Plateau, SAMA Tower, 10th floor<\/span>\n                                    \n                                <\/li>\n                                \n                            <\/ul>\n                        <\/div>\n                        <div class=\"contact-info-wrap\">\n                                                                                    <div class=\"live-chat\">\n                                                            <\/div>\n                        <\/div>\n                        <div class=\"contact-info-wrap\">\n                                                                                <\/div>\n                    <\/div>\n                <\/div>\n            <\/div>\n        <\/section>\n\n    \n\n        \t\t<\/div>\n\t\t\t\t<\/div>\n\t\t\t\t\t<\/div>\n\t\t\t\t<\/div>\n\t\t\t\t<section class=\"elementor-section elementor-top-section elementor-element elementor-element-77ec9e7 elementor-section-full_width elementor-section-height-default elementor-section-height-default wpr-particle-no wpr-jarallax-no wpr-parallax-no wpr-sticky-section-no\" data-id=\"77ec9e7\" data-element_type=\"section\">\n\t\t\t\t\t\t<div class=\"elementor-container elementor-column-gap-no\">\n\t\t\t\t\t<div class=\"elementor-column elementor-col-100 elementor-top-column elementor-element elementor-element-1d1d4f0\" data-id=\"1d1d4f0\" data-element_type=\"column\">\n\t\t\t<div class=\"elementor-widget-wrap elementor-element-populated\">\n\t\t\t\t\t\t<div class=\"elementor-element elementor-element-80e41dd elementor-widget elementor-widget-google_maps\" data-id=\"80e41dd\" data-element_type=\"widget\" data-widget_type=\"google_maps.default\">\n\t\t\t\t<div class=\"elementor-widget-container\">\n\t\t\t<style>\/*! elementor - v3.19.0 - 29-01-2024 *\/\n.elementor-widget-google_maps .elementor-widget-container{overflow:hidden}.elementor-widget-google_maps .elementor-custom-embed{line-height:0}.elementor-widget-google_maps iframe{height:300px}<\/style>\t\t<div class=\"elementor-custom-embed\">\n\t\t\t<iframe loading=\"lazy\"\n\t\t\t\t\tsrc=\"https:\/\/maps.google.com\/maps?q=ENICAL%2C%20Plateau%20&#038;t=m&#038;z=15&#038;output=embed&#038;iwloc=near\"\n\t\t\t\t\ttitle=\"ENICAL, Plateau \"\n\t\t\t\t\taria-label=\"ENICAL, Plateau \"\n\t\t\t><\/iframe>\n\t\t<\/div>\n\t\t\t\t<\/div>\n\t\t\t\t<\/div>\n\t\t\t\t\t<\/div>\n\t\t<\/div>\n\t\t\t\t\t<\/div>\n\t\t<\/section>\n\t\t\t\t<\/div>","protected":false},"excerpt":{"rendered":"<p>Nous sommes \u00e0 votre \u00e9coute. S\u00e9lectionnez l&#039;OffreBI &amp; Big DataPlanification budg\u00e9taireLogiciel en mode saasD\u00e9veloppement d\u2019applicationsT\u00e9l\u00e9phonie IPVisioconf\u00e9renceCybers\u00e9curit\u00e9Contr\u00f4le d\u2019acc\u00e8sGestion de temps de pr\u00e9senceVid\u00e9osurveillanceSolutions int\u00e9gr\u00e9esD\u00e9marche de solutionsAutres&#8230; Envoyer &#916; +225 27 22 25 48 10 business@enical-ci.com Abidjan Plateau Tour SAMA 10\u00e8me \u00e9tage<\/p>","protected":false},"author":1,"featured_media":0,"parent":0,"menu_order":0,"comment_status":"closed","ping_status":"closed","template":"elementor_header_footer","meta":{"_acf_changed":false,"_monsterinsights_skip_tracking":false,"_monsterinsights_sitenote_active":false,"_monsterinsights_sitenote_note":"","_monsterinsights_sitenote_category":0,"footnotes":""},"class_list":["post-2252","page","type-page","status-publish","hentry"],"acf":[],"yoast_head":"<!-- This site is optimized with the Yoast SEO plugin v27.4 - https:\/\/yoast.com\/product\/yoast-seo-wordpress\/ -->\n<title>Contactez-nous - enical<\/title>\n<meta name=\"robots\" content=\"index, follow, max-snippet:-1, max-image-preview:large, max-video-preview:-1\" \/>\n<link rel=\"canonical\" href=\"https:\/\/enical-ci.com\/en\/contactez-nous\/\" \/>\n<meta property=\"og:locale\" content=\"en_GB\" \/>\n<meta property=\"og:type\" content=\"article\" \/>\n<meta property=\"og:title\" content=\"Contactez-nous - enical\" \/>\n<meta property=\"og:description\" content=\"Nous sommes \u00e0 votre \u00e9coute. S\u00e9lectionnez l&#039;OffreBI &amp; Big DataPlanification budg\u00e9taireLogiciel en mode saasD\u00e9veloppement d\u2019applicationsT\u00e9l\u00e9phonie IPVisioconf\u00e9renceCybers\u00e9curit\u00e9Contr\u00f4le d\u2019acc\u00e8sGestion de temps de pr\u00e9senceVid\u00e9osurveillanceSolutions int\u00e9gr\u00e9esD\u00e9marche de solutionsAutres&#8230; Envoyer &#916; +225 27 22 25 48 10 business@enical-ci.com Abidjan Plateau Tour SAMA 10\u00e8me \u00e9tage\" \/>\n<meta property=\"og:url\" content=\"https:\/\/enical-ci.com\/en\/contactez-nous\/\" \/>\n<meta property=\"og:site_name\" content=\"enical\" \/>\n<meta property=\"article:publisher\" content=\"https:\/\/www.facebook.com\/enical.technologies\/?locale=fr_FR\" \/>\n<meta property=\"article:modified_time\" content=\"2024-02-19T16:49:26+00:00\" \/>\n<meta name=\"twitter:card\" content=\"summary_large_image\" \/>\n<script type=\"application\/ld+json\" class=\"yoast-schema-graph\">{\"@context\":\"https:\\\/\\\/schema.org\",\"@graph\":[{\"@type\":\"WebPage\",\"@id\":\"https:\\\/\\\/enical-ci.com\\\/contactez-nous\\\/\",\"url\":\"https:\\\/\\\/enical-ci.com\\\/contactez-nous\\\/\",\"name\":\"Contactez-nous - enical\",\"isPartOf\":{\"@id\":\"https:\\\/\\\/enical-ci.com\\\/#website\"},\"datePublished\":\"2024-01-02T09:43:19+00:00\",\"dateModified\":\"2024-02-19T16:49:26+00:00\",\"breadcrumb\":{\"@id\":\"https:\\\/\\\/enical-ci.com\\\/contactez-nous\\\/#breadcrumb\"},\"inLanguage\":\"en-GB\",\"potentialAction\":[{\"@type\":\"ReadAction\",\"target\":[\"https:\\\/\\\/enical-ci.com\\\/contactez-nous\\\/\"]}]},{\"@type\":\"BreadcrumbList\",\"@id\":\"https:\\\/\\\/enical-ci.com\\\/contactez-nous\\\/#breadcrumb\",\"itemListElement\":[{\"@type\":\"ListItem\",\"position\":1,\"name\":\"Accueil\",\"item\":\"https:\\\/\\\/enical-ci.com\\\/\"},{\"@type\":\"ListItem\",\"position\":2,\"name\":\"Contactez-nous\"}]},{\"@type\":\"WebSite\",\"@id\":\"https:\\\/\\\/enical-ci.com\\\/#website\",\"url\":\"https:\\\/\\\/enical-ci.com\\\/\",\"name\":\"enical\",\"description\":\"Fournisseur de solution num\u00e9riques\",\"publisher\":{\"@id\":\"https:\\\/\\\/enical-ci.com\\\/#organization\"},\"potentialAction\":[{\"@type\":\"SearchAction\",\"target\":{\"@type\":\"EntryPoint\",\"urlTemplate\":\"https:\\\/\\\/enical-ci.com\\\/?s={search_term_string}\"},\"query-input\":{\"@type\":\"PropertyValueSpecification\",\"valueRequired\":true,\"valueName\":\"search_term_string\"}}],\"inLanguage\":\"en-GB\"},{\"@type\":\"Organization\",\"@id\":\"https:\\\/\\\/enical-ci.com\\\/#organization\",\"name\":\"enical\",\"url\":\"https:\\\/\\\/enical-ci.com\\\/\",\"logo\":{\"@type\":\"ImageObject\",\"inLanguage\":\"en-GB\",\"@id\":\"https:\\\/\\\/enical-ci.com\\\/#\\\/schema\\\/logo\\\/image\\\/\",\"url\":\"https:\\\/\\\/enical-ci.com\\\/wp-content\\\/uploads\\\/2024\\\/01\\\/cropped-logo-nobackground-1000.png\",\"contentUrl\":\"https:\\\/\\\/enical-ci.com\\\/wp-content\\\/uploads\\\/2024\\\/01\\\/cropped-logo-nobackground-1000.png\",\"width\":716,\"height\":243,\"caption\":\"enical\"},\"image\":{\"@id\":\"https:\\\/\\\/enical-ci.com\\\/#\\\/schema\\\/logo\\\/image\\\/\"},\"sameAs\":[\"https:\\\/\\\/www.facebook.com\\\/enical.technologies\\\/?locale=fr_FR\"]}]}<\/script>\n<!-- \/ Yoast SEO plugin. -->","yoast_head_json":{"title":"Contactez-nous - enical","robots":{"index":"index","follow":"follow","max-snippet":"max-snippet:-1","max-image-preview":"max-image-preview:large","max-video-preview":"max-video-preview:-1"},"canonical":"https:\/\/enical-ci.com\/en\/contactez-nous\/","og_locale":"en_GB","og_type":"article","og_title":"Contactez-nous - enical","og_description":"Nous sommes \u00e0 votre \u00e9coute. S\u00e9lectionnez l&#039;OffreBI &amp; Big DataPlanification budg\u00e9taireLogiciel en mode saasD\u00e9veloppement d\u2019applicationsT\u00e9l\u00e9phonie IPVisioconf\u00e9renceCybers\u00e9curit\u00e9Contr\u00f4le d\u2019acc\u00e8sGestion de temps de pr\u00e9senceVid\u00e9osurveillanceSolutions int\u00e9gr\u00e9esD\u00e9marche de solutionsAutres&#8230; Envoyer &#916; +225 27 22 25 48 10 business@enical-ci.com Abidjan Plateau Tour SAMA 10\u00e8me \u00e9tage","og_url":"https:\/\/enical-ci.com\/en\/contactez-nous\/","og_site_name":"enical","article_publisher":"https:\/\/www.facebook.com\/enical.technologies\/?locale=fr_FR","article_modified_time":"2024-02-19T16:49:26+00:00","twitter_card":"summary_large_image","schema":{"@context":"https:\/\/schema.org","@graph":[{"@type":"WebPage","@id":"https:\/\/enical-ci.com\/contactez-nous\/","url":"https:\/\/enical-ci.com\/contactez-nous\/","name":"Contactez-nous - enical","isPartOf":{"@id":"https:\/\/enical-ci.com\/#website"},"datePublished":"2024-01-02T09:43:19+00:00","dateModified":"2024-02-19T16:49:26+00:00","breadcrumb":{"@id":"https:\/\/enical-ci.com\/contactez-nous\/#breadcrumb"},"inLanguage":"en-GB","potentialAction":[{"@type":"ReadAction","target":["https:\/\/enical-ci.com\/contactez-nous\/"]}]},{"@type":"BreadcrumbList","@id":"https:\/\/enical-ci.com\/contactez-nous\/#breadcrumb","itemListElement":[{"@type":"ListItem","position":1,"name":"Accueil","item":"https:\/\/enical-ci.com\/"},{"@type":"ListItem","position":2,"name":"Contactez-nous"}]},{"@type":"WebSite","@id":"https:\/\/enical-ci.com\/#website","url":"https:\/\/enical-ci.com\/","name":"enical","description":"Fournisseur de solution num\u00e9riques","publisher":{"@id":"https:\/\/enical-ci.com\/#organization"},"potentialAction":[{"@type":"SearchAction","target":{"@type":"EntryPoint","urlTemplate":"https:\/\/enical-ci.com\/?s={search_term_string}"},"query-input":{"@type":"PropertyValueSpecification","valueRequired":true,"valueName":"search_term_string"}}],"inLanguage":"en-GB"},{"@type":"Organization","@id":"https:\/\/enical-ci.com\/#organization","name":"enical","url":"https:\/\/enical-ci.com\/","logo":{"@type":"ImageObject","inLanguage":"en-GB","@id":"https:\/\/enical-ci.com\/#\/schema\/logo\/image\/","url":"https:\/\/enical-ci.com\/wp-content\/uploads\/2024\/01\/cropped-logo-nobackground-1000.png","contentUrl":"https:\/\/enical-ci.com\/wp-content\/uploads\/2024\/01\/cropped-logo-nobackground-1000.png","width":716,"height":243,"caption":"enical"},"image":{"@id":"https:\/\/enical-ci.com\/#\/schema\/logo\/image\/"},"sameAs":["https:\/\/www.facebook.com\/enical.technologies\/?locale=fr_FR"]}]}},"_links":{"self":[{"href":"https:\/\/enical-ci.com\/en\/wp-json\/wp\/v2\/pages\/2252","targetHints":{"allow":["GET"]}}],"collection":[{"href":"https:\/\/enical-ci.com\/en\/wp-json\/wp\/v2\/pages"}],"about":[{"href":"https:\/\/enical-ci.com\/en\/wp-json\/wp\/v2\/types\/page"}],"author":[{"embeddable":true,"href":"https:\/\/enical-ci.com\/en\/wp-json\/wp\/v2\/users\/1"}],"replies":[{"embeddable":true,"href":"https:\/\/enical-ci.com\/en\/wp-json\/wp\/v2\/comments?post=2252"}],"version-history":[{"count":0,"href":"https:\/\/enical-ci.com\/en\/wp-json\/wp\/v2\/pages\/2252\/revisions"}],"wp:attachment":[{"href":"https:\/\/enical-ci.com\/en\/wp-json\/wp\/v2\/media?parent=2252"}],"curies":[{"name":"wp","href":"https:\/\/api.w.org\/{rel}","templated":true}]}}