{"id":6069,"date":"2024-02-29T09:01:52","date_gmt":"2024-02-29T08:01:52","guid":{"rendered":"https:\/\/enical-ci.com\/?page_id=6069"},"modified":"2024-02-29T09:27:16","modified_gmt":"2024-02-29T08:27:16","slug":"mot-du-president","status":"publish","type":"page","link":"https:\/\/enical-ci.com\/en\/mot-du-president\/","title":{"rendered":"Mot du pr\u00e9sident"},"content":{"rendered":"<div data-elementor-type=\"wp-page\" data-elementor-id=\"6069\" class=\"elementor elementor-6069\" data-elementor-post-type=\"page\">\n\t\t\t\t<div class=\"elementor-element elementor-element-c245888 mesh-test e-con-full e-flex wpr-particle-no wpr-jarallax-no wpr-parallax-no wpr-sticky-section-no e-con e-parent\" data-id=\"c245888\" data-element_type=\"container\" data-settings=\"{&quot;content_width&quot;:&quot;full&quot;}\" data-core-v316-plus=\"true\">\n\t\t<div class=\"elementor-element elementor-element-755a3f8 e-con-full e-flex wpr-particle-no wpr-jarallax-no wpr-parallax-no wpr-sticky-section-no e-con e-child\" data-id=\"755a3f8\" data-element_type=\"container\" data-settings=\"{&quot;content_width&quot;:&quot;full&quot;}\">\n\t\t\t\t<div class=\"elementor-element elementor-element-7e942d9 elementor-widget__width-initial elementor-widget elementor-widget-image\" data-id=\"7e942d9\" data-element_type=\"widget\" data-widget_type=\"image.default\">\n\t\t\t\t<div class=\"elementor-widget-container\">\n\t\t\t<style>\/*! elementor - v3.19.0 - 29-01-2024 *\/\n.elementor-widget-image{text-align:center}.elementor-widget-image a{display:inline-block}.elementor-widget-image a img[src$=\".svg\"]{width:48px}.elementor-widget-image img{vertical-align:middle;display:inline-block}<\/style>\t\t\t\t\t\t\t\t\t\t<img fetchpriority=\"high\" decoding=\"async\" width=\"640\" height=\"698\" src=\"https:\/\/enical-ci.com\/wp-content\/uploads\/2024\/02\/Lacine-DIABY-1-939x1024.png\" class=\"attachment-large size-large wp-image-4523\" alt=\"\" srcset=\"https:\/\/enical-ci.com\/wp-content\/uploads\/2024\/02\/Lacine-DIABY-1-939x1024.png 939w, https:\/\/enical-ci.com\/wp-content\/uploads\/2024\/02\/Lacine-DIABY-1-275x300.png 275w, https:\/\/enical-ci.com\/wp-content\/uploads\/2024\/02\/Lacine-DIABY-1-768x837.png 768w, https:\/\/enical-ci.com\/wp-content\/uploads\/2024\/02\/Lacine-DIABY-1-1409x1536.png 1409w, https:\/\/enical-ci.com\/wp-content\/uploads\/2024\/02\/Lacine-DIABY-1-1879x2048.png 1879w, https:\/\/enical-ci.com\/wp-content\/uploads\/2024\/02\/Lacine-DIABY-1-600x654.png 600w\" sizes=\"(max-width: 640px) 100vw, 640px\" \/>\t\t\t\t\t\t\t\t\t\t\t\t\t<\/div>\n\t\t\t\t<\/div>\n\t\t\t\t<\/div>\n\t\t<div class=\"elementor-element elementor-element-96a1a73 e-con-full e-flex wpr-particle-no wpr-jarallax-no wpr-parallax-no wpr-sticky-section-no e-con e-child\" data-id=\"96a1a73\" data-element_type=\"container\" data-settings=\"{&quot;content_width&quot;:&quot;full&quot;}\">\n\t\t\t\t<div class=\"elementor-element elementor-element-a9dc75a elementor-widget elementor-widget-text-editor\" data-id=\"a9dc75a\" data-element_type=\"widget\" data-widget_type=\"text-editor.default\">\n\t\t\t\t<div class=\"elementor-widget-container\">\n\t\t\t<style>\/*! elementor - v3.19.0 - 29-01-2024 *\/\n.elementor-widget-text-editor.elementor-drop-cap-view-stacked .elementor-drop-cap{background-color:#69727d;color:#fff}.elementor-widget-text-editor.elementor-drop-cap-view-framed .elementor-drop-cap{color:#69727d;border:3px solid;background-color:transparent}.elementor-widget-text-editor:not(.elementor-drop-cap-view-default) .elementor-drop-cap{margin-top:8px}.elementor-widget-text-editor:not(.elementor-drop-cap-view-default) .elementor-drop-cap-letter{width:1em;height:1em}.elementor-widget-text-editor .elementor-drop-cap{float:left;text-align:center;line-height:1;font-size:50px}.elementor-widget-text-editor .elementor-drop-cap-letter{display:inline-block}<\/style>\t\t\t\t<p><span style=\"color: #ffffff; font-size: 20px;\">Dear customers and partners,<\/span><\/p><p><span style=\"color: #ffffff; font-size: 20px;\">Enical is a digital services company proud of its more than 10 years of experience in the field. Our mission is to provide our clients with comprehensive solutions in business intelligence, ERP, custom application development, solutions integration, telecommunications, security, and cybersecurity.<\/span><\/p><p><span style=\"color: #ffffff; font-size: 20px;\">Nous comprenons l&rsquo;importance de r\u00e9pondre aux attentes de nos clients et de leur offrir les meilleures solutions num\u00e9riques pour les aider \u00e0 d\u00e9velopper leurs activit\u00e9s. Nos \u00e9quipes de commerciaux, consultants avant-ventes, consultants d\u00e9veloppeurs et service support clients sont pleinement engag\u00e9es \u00e0 offrir un accompagnement de classe mondiale \u00e0 nos clients.<\/span><\/p><p><span style=\"color: #ffffff; font-size: 20px;\">Gr\u00e2ce \u00e0 nos partenariats locaux et internationaux, nous sommes en mesure de r\u00e9pondre \u00e0 toute probl\u00e9matique li\u00e9e aux affaires ou aux technologies de l&rsquo;information.<\/span><\/p><p><span style=\"color: #ffffff; font-size: 20px;\">En t\u00e9moigne les nombreuses entreprises de C\u00f4te d\u2019Ivoire et du reste de l\u2019Afrique qui nous ont retenus pour les accompagner dans la mise en place de leurs projets digitaux et qui aujourd\u2019hui encore continuent de nous faire confiance.<\/span><\/p><p><span style=\"color: #ffffff; font-size: 20px;\">Pour les entreprises qui ne sont pas encore clientes chez nous, nous sommes motiv\u00e9s \u00e0 les rencontrer afin d\u2019identifier ensemble, avec eux, leurs besoins en mati\u00e8re d\u2019am\u00e9lioration de la performance et de la productivit\u00e9 et de les adresser efficacement.<\/span><\/p><p><span style=\"color: #ffffff; font-size: 20px;\">Nous vous remercions pour votre confiance \u00e0 Enical et nous nous engageons \u00e0 continuer \u00e0 vous fournir des solutions num\u00e9riques de qualit\u00e9, adapt\u00e9es \u00e0 vos besoins \u00e9volutifs.<\/span><\/p>\t\t\t\t\t\t<\/div>\n\t\t\t\t<\/div>\n\t\t\t\t<div class=\"elementor-element elementor-element-521ad82 elementor-widget elementor-widget-text-editor\" data-id=\"521ad82\" data-element_type=\"widget\" data-widget_type=\"text-editor.default\">\n\t\t\t\t<div class=\"elementor-widget-container\">\n\t\t\t\t\t\t\t<h4><span style=\"color: #ffffff;\"><strong>Lacin\u00e9 DIABY<\/strong><\/span><\/h4><h4><span style=\"color: #ffffff;\"><strong>President of ENICAL<\/strong><\/span><\/h4>\t\t\t\t\t\t<\/div>\n\t\t\t\t<\/div>\n\t\t\t\t<\/div>\n\t\t\t\t<\/div>\n\t\t\t\t<\/div>","protected":false},"excerpt":{"rendered":"<p>Chers clients et partenaires, Enical est une entreprise de services num\u00e9riques fi\u00e8re de ses plus de 10 ans d&rsquo;exp\u00e9rience dans le domaine. Notre mission est de fournir \u00e0 nos clients des solutions compl\u00e8tes en mati\u00e8re de business intelligence, d&rsquo;ERP, de d\u00e9veloppement d&rsquo;applications sur mesure, d\u2019int\u00e9gration de solutions, de t\u00e9l\u00e9communications, de s\u00e9curit\u00e9 et de cybers\u00e9curit\u00e9. Nous [&hellip;]<\/p>","protected":false},"author":1,"featured_media":0,"parent":0,"menu_order":0,"comment_status":"closed","ping_status":"closed","template":"elementor_header_footer","meta":{"_acf_changed":false,"_monsterinsights_skip_tracking":false,"_monsterinsights_sitenote_active":false,"_monsterinsights_sitenote_note":"","_monsterinsights_sitenote_category":0,"footnotes":""},"class_list":["post-6069","page","type-page","status-publish","hentry"],"acf":[],"yoast_head":"<!-- This site is optimized with the Yoast SEO plugin v27.4 - https:\/\/yoast.com\/product\/yoast-seo-wordpress\/ -->\n<title>Mot du pr\u00e9sident - enical<\/title>\n<meta name=\"robots\" content=\"index, follow, max-snippet:-1, max-image-preview:large, max-video-preview:-1\" \/>\n<link rel=\"canonical\" href=\"https:\/\/enical-ci.com\/en\/mot-du-president\/\" \/>\n<meta property=\"og:locale\" content=\"en_GB\" \/>\n<meta property=\"og:type\" content=\"article\" \/>\n<meta property=\"og:title\" content=\"Mot du pr\u00e9sident - enical\" \/>\n<meta property=\"og:description\" content=\"Chers clients et partenaires, Enical est une entreprise de services num\u00e9riques fi\u00e8re de ses plus de 10 ans d&rsquo;exp\u00e9rience dans le domaine. Notre mission est de fournir \u00e0 nos clients des solutions compl\u00e8tes en mati\u00e8re de business intelligence, d&rsquo;ERP, de d\u00e9veloppement d&rsquo;applications sur mesure, d\u2019int\u00e9gration de solutions, de t\u00e9l\u00e9communications, de s\u00e9curit\u00e9 et de cybers\u00e9curit\u00e9. Nous [&hellip;]\" \/>\n<meta property=\"og:url\" content=\"https:\/\/enical-ci.com\/en\/mot-du-president\/\" \/>\n<meta property=\"og:site_name\" content=\"enical\" \/>\n<meta property=\"article:publisher\" content=\"https:\/\/www.facebook.com\/enical.technologies\/?locale=fr_FR\" \/>\n<meta property=\"article:modified_time\" content=\"2024-02-29T08:27:16+00:00\" \/>\n<meta property=\"og:image\" content=\"https:\/\/enical-ci.com\/wp-content\/uploads\/2024\/02\/Lacine-DIABY-1-939x1024.png\" \/>\n<meta name=\"twitter:card\" content=\"summary_large_image\" \/>\n<meta name=\"twitter:label1\" content=\"Estimated reading time\" \/>\n\t<meta name=\"twitter:data1\" content=\"1 minute\" \/>\n<script type=\"application\/ld+json\" class=\"yoast-schema-graph\">{\"@context\":\"https:\\\/\\\/schema.org\",\"@graph\":[{\"@type\":\"WebPage\",\"@id\":\"https:\\\/\\\/enical-ci.com\\\/mot-du-president\\\/\",\"url\":\"https:\\\/\\\/enical-ci.com\\\/mot-du-president\\\/\",\"name\":\"Mot du pr\u00e9sident - enical\",\"isPartOf\":{\"@id\":\"https:\\\/\\\/enical-ci.com\\\/#website\"},\"primaryImageOfPage\":{\"@id\":\"https:\\\/\\\/enical-ci.com\\\/mot-du-president\\\/#primaryimage\"},\"image\":{\"@id\":\"https:\\\/\\\/enical-ci.com\\\/mot-du-president\\\/#primaryimage\"},\"thumbnailUrl\":\"https:\\\/\\\/enical-ci.com\\\/wp-content\\\/uploads\\\/2024\\\/02\\\/Lacine-DIABY-1-939x1024.png\",\"datePublished\":\"2024-02-29T08:01:52+00:00\",\"dateModified\":\"2024-02-29T08:27:16+00:00\",\"breadcrumb\":{\"@id\":\"https:\\\/\\\/enical-ci.com\\\/mot-du-president\\\/#breadcrumb\"},\"inLanguage\":\"en-GB\",\"potentialAction\":[{\"@type\":\"ReadAction\",\"target\":[\"https:\\\/\\\/enical-ci.com\\\/mot-du-president\\\/\"]}]},{\"@type\":\"ImageObject\",\"inLanguage\":\"en-GB\",\"@id\":\"https:\\\/\\\/enical-ci.com\\\/mot-du-president\\\/#primaryimage\",\"url\":\"https:\\\/\\\/enical-ci.com\\\/wp-content\\\/uploads\\\/2024\\\/02\\\/Lacine-DIABY-1-939x1024.png\",\"contentUrl\":\"https:\\\/\\\/enical-ci.com\\\/wp-content\\\/uploads\\\/2024\\\/02\\\/Lacine-DIABY-1-939x1024.png\"},{\"@type\":\"BreadcrumbList\",\"@id\":\"https:\\\/\\\/enical-ci.com\\\/mot-du-president\\\/#breadcrumb\",\"itemListElement\":[{\"@type\":\"ListItem\",\"position\":1,\"name\":\"Accueil\",\"item\":\"https:\\\/\\\/enical-ci.com\\\/\"},{\"@type\":\"ListItem\",\"position\":2,\"name\":\"Mot du pr\u00e9sident\"}]},{\"@type\":\"WebSite\",\"@id\":\"https:\\\/\\\/enical-ci.com\\\/#website\",\"url\":\"https:\\\/\\\/enical-ci.com\\\/\",\"name\":\"enical\",\"description\":\"Fournisseur de solution num\u00e9riques\",\"publisher\":{\"@id\":\"https:\\\/\\\/enical-ci.com\\\/#organization\"},\"potentialAction\":[{\"@type\":\"SearchAction\",\"target\":{\"@type\":\"EntryPoint\",\"urlTemplate\":\"https:\\\/\\\/enical-ci.com\\\/?s={search_term_string}\"},\"query-input\":{\"@type\":\"PropertyValueSpecification\",\"valueRequired\":true,\"valueName\":\"search_term_string\"}}],\"inLanguage\":\"en-GB\"},{\"@type\":\"Organization\",\"@id\":\"https:\\\/\\\/enical-ci.com\\\/#organization\",\"name\":\"enical\",\"url\":\"https:\\\/\\\/enical-ci.com\\\/\",\"logo\":{\"@type\":\"ImageObject\",\"inLanguage\":\"en-GB\",\"@id\":\"https:\\\/\\\/enical-ci.com\\\/#\\\/schema\\\/logo\\\/image\\\/\",\"url\":\"https:\\\/\\\/enical-ci.com\\\/wp-content\\\/uploads\\\/2024\\\/01\\\/cropped-logo-nobackground-1000.png\",\"contentUrl\":\"https:\\\/\\\/enical-ci.com\\\/wp-content\\\/uploads\\\/2024\\\/01\\\/cropped-logo-nobackground-1000.png\",\"width\":716,\"height\":243,\"caption\":\"enical\"},\"image\":{\"@id\":\"https:\\\/\\\/enical-ci.com\\\/#\\\/schema\\\/logo\\\/image\\\/\"},\"sameAs\":[\"https:\\\/\\\/www.facebook.com\\\/enical.technologies\\\/?locale=fr_FR\"]}]}<\/script>\n<!-- \/ Yoast SEO plugin. -->","yoast_head_json":{"title":"Mot du pr\u00e9sident - enical","robots":{"index":"index","follow":"follow","max-snippet":"max-snippet:-1","max-image-preview":"max-image-preview:large","max-video-preview":"max-video-preview:-1"},"canonical":"https:\/\/enical-ci.com\/en\/mot-du-president\/","og_locale":"en_GB","og_type":"article","og_title":"Mot du pr\u00e9sident - enical","og_description":"Chers clients et partenaires, Enical est une entreprise de services num\u00e9riques fi\u00e8re de ses plus de 10 ans d&rsquo;exp\u00e9rience dans le domaine. Notre mission est de fournir \u00e0 nos clients des solutions compl\u00e8tes en mati\u00e8re de business intelligence, d&rsquo;ERP, de d\u00e9veloppement d&rsquo;applications sur mesure, d\u2019int\u00e9gration de solutions, de t\u00e9l\u00e9communications, de s\u00e9curit\u00e9 et de cybers\u00e9curit\u00e9. Nous [&hellip;]","og_url":"https:\/\/enical-ci.com\/en\/mot-du-president\/","og_site_name":"enical","article_publisher":"https:\/\/www.facebook.com\/enical.technologies\/?locale=fr_FR","article_modified_time":"2024-02-29T08:27:16+00:00","og_image":[{"url":"https:\/\/enical-ci.com\/wp-content\/uploads\/2024\/02\/Lacine-DIABY-1-939x1024.png","type":"","width":"","height":""}],"twitter_card":"summary_large_image","twitter_misc":{"Estimated reading time":"1 minute"},"schema":{"@context":"https:\/\/schema.org","@graph":[{"@type":"WebPage","@id":"https:\/\/enical-ci.com\/mot-du-president\/","url":"https:\/\/enical-ci.com\/mot-du-president\/","name":"Mot du pr\u00e9sident - enical","isPartOf":{"@id":"https:\/\/enical-ci.com\/#website"},"primaryImageOfPage":{"@id":"https:\/\/enical-ci.com\/mot-du-president\/#primaryimage"},"image":{"@id":"https:\/\/enical-ci.com\/mot-du-president\/#primaryimage"},"thumbnailUrl":"https:\/\/enical-ci.com\/wp-content\/uploads\/2024\/02\/Lacine-DIABY-1-939x1024.png","datePublished":"2024-02-29T08:01:52+00:00","dateModified":"2024-02-29T08:27:16+00:00","breadcrumb":{"@id":"https:\/\/enical-ci.com\/mot-du-president\/#breadcrumb"},"inLanguage":"en-GB","potentialAction":[{"@type":"ReadAction","target":["https:\/\/enical-ci.com\/mot-du-president\/"]}]},{"@type":"ImageObject","inLanguage":"en-GB","@id":"https:\/\/enical-ci.com\/mot-du-president\/#primaryimage","url":"https:\/\/enical-ci.com\/wp-content\/uploads\/2024\/02\/Lacine-DIABY-1-939x1024.png","contentUrl":"https:\/\/enical-ci.com\/wp-content\/uploads\/2024\/02\/Lacine-DIABY-1-939x1024.png"},{"@type":"BreadcrumbList","@id":"https:\/\/enical-ci.com\/mot-du-president\/#breadcrumb","itemListElement":[{"@type":"ListItem","position":1,"name":"Accueil","item":"https:\/\/enical-ci.com\/"},{"@type":"ListItem","position":2,"name":"Mot du pr\u00e9sident"}]},{"@type":"WebSite","@id":"https:\/\/enical-ci.com\/#website","url":"https:\/\/enical-ci.com\/","name":"enical","description":"Fournisseur de solution num\u00e9riques","publisher":{"@id":"https:\/\/enical-ci.com\/#organization"},"potentialAction":[{"@type":"SearchAction","target":{"@type":"EntryPoint","urlTemplate":"https:\/\/enical-ci.com\/?s={search_term_string}"},"query-input":{"@type":"PropertyValueSpecification","valueRequired":true,"valueName":"search_term_string"}}],"inLanguage":"en-GB"},{"@type":"Organization","@id":"https:\/\/enical-ci.com\/#organization","name":"enical","url":"https:\/\/enical-ci.com\/","logo":{"@type":"ImageObject","inLanguage":"en-GB","@id":"https:\/\/enical-ci.com\/#\/schema\/logo\/image\/","url":"https:\/\/enical-ci.com\/wp-content\/uploads\/2024\/01\/cropped-logo-nobackground-1000.png","contentUrl":"https:\/\/enical-ci.com\/wp-content\/uploads\/2024\/01\/cropped-logo-nobackground-1000.png","width":716,"height":243,"caption":"enical"},"image":{"@id":"https:\/\/enical-ci.com\/#\/schema\/logo\/image\/"},"sameAs":["https:\/\/www.facebook.com\/enical.technologies\/?locale=fr_FR"]}]}},"_links":{"self":[{"href":"https:\/\/enical-ci.com\/en\/wp-json\/wp\/v2\/pages\/6069","targetHints":{"allow":["GET"]}}],"collection":[{"href":"https:\/\/enical-ci.com\/en\/wp-json\/wp\/v2\/pages"}],"about":[{"href":"https:\/\/enical-ci.com\/en\/wp-json\/wp\/v2\/types\/page"}],"author":[{"embeddable":true,"href":"https:\/\/enical-ci.com\/en\/wp-json\/wp\/v2\/users\/1"}],"replies":[{"embeddable":true,"href":"https:\/\/enical-ci.com\/en\/wp-json\/wp\/v2\/comments?post=6069"}],"version-history":[{"count":0,"href":"https:\/\/enical-ci.com\/en\/wp-json\/wp\/v2\/pages\/6069\/revisions"}],"wp:attachment":[{"href":"https:\/\/enical-ci.com\/en\/wp-json\/wp\/v2\/media?parent=6069"}],"curies":[{"name":"wp","href":"https:\/\/api.w.org\/{rel}","templated":true}]}}